{"id":206,"date":"2023-12-10T18:15:37","date_gmt":"2023-12-10T18:15:37","guid":{"rendered":"https:\/\/aurblan.com\/?page_id=206"},"modified":"2024-12-29T23:53:33","modified_gmt":"2024-12-29T22:53:33","slug":"wine-olives","status":"publish","type":"page","link":"https:\/\/aurblan.com\/index.php\/wine-olives\/","title":{"rendered":"Espaces ext\u00e9rieurs"},"content":{"rendered":"\n<p class=\"has-text-align-center\">Savourez la s\u00e9r\u00e9nit\u00e9 des espaces ext\u00e9rieurs de l\u2019Aur Blan. Entre jardin verdoyant, terrasse ombrag\u00e9e et coins d\u00e9tente, chaque espace a \u00e9t\u00e9 pens\u00e9 pour vous offrir un cadre propice \u00e0 la relaxation.<\/p>\n","protected":false},"excerpt":{"rendered":"<p>Des espaces repas int\u00e9rieurs et ext\u00e9rieurs<\/p>\n","protected":false},"author":1,"featured_media":436,"parent":0,"menu_order":0,"comment_status":"open","ping_status":"open","template":"","meta":{"footnotes":""},"class_list":["post-206","page","type-page","status-publish","has-post-thumbnail","hentry"],"_links":{"self":[{"href":"https:\/\/aurblan.com\/index.php\/wp-json\/wp\/v2\/pages\/206","targetHints":{"allow":["GET"]}}],"collection":[{"href":"https:\/\/aurblan.com\/index.php\/wp-json\/wp\/v2\/pages"}],"about":[{"href":"https:\/\/aurblan.com\/index.php\/wp-json\/wp\/v2\/types\/page"}],"author":[{"embeddable":true,"href":"https:\/\/aurblan.com\/index.php\/wp-json\/wp\/v2\/users\/1"}],"replies":[{"embeddable":true,"href":"https:\/\/aurblan.com\/index.php\/wp-json\/wp\/v2\/comments?post=206"}],"version-history":[{"count":5,"href":"https:\/\/aurblan.com\/index.php\/wp-json\/wp\/v2\/pages\/206\/revisions"}],"predecessor-version":[{"id":584,"href":"https:\/\/aurblan.com\/index.php\/wp-json\/wp\/v2\/pages\/206\/revisions\/584"}],"wp:featuredmedia":[{"embeddable":true,"href":"https:\/\/aurblan.com\/index.php\/wp-json\/wp\/v2\/media\/436"}],"wp:attachment":[{"href":"https:\/\/aurblan.com\/index.php\/wp-json\/wp\/v2\/media?parent=206"}],"curies":[{"name":"wp","href":"https:\/\/api.w.org\/{rel}","templated":true}]}}