{"id":592,"date":"2024-12-30T11:19:53","date_gmt":"2024-12-30T10:19:53","guid":{"rendered":"https:\/\/aurblan.com\/?page_id=592"},"modified":"2024-12-30T11:27:01","modified_gmt":"2024-12-30T10:27:01","slug":"petit-dejeuner","status":"publish","type":"page","link":"https:\/\/aurblan.com\/index.php\/petit-dejeuner\/","title":{"rendered":"Petit d\u00e9jeuner"},"content":{"rendered":"\n<h3 class=\"wp-block-heading\"><strong>Le plaisir d\u2019un petit-d\u00e9jeuner gourmand et vari\u00e9 \u00e0 l\u2019Aur Blan<\/strong><\/h3>\n\n\n\n<p>Commencez votre journ\u00e9e avec un petit-d\u00e9jeuner qui ravira tous les palais, soigneusement pr\u00e9par\u00e9 pour satisfaire vos envies et vos besoins sp\u00e9cifiques :<\/p>\n\n\n\n<ul class=\"wp-block-list\">\n<li><strong>Pains vari\u00e9s et viennoiseries fra\u00eeches<\/strong> : R\u00e9galez-vous avec du pains frais et du pains p\u00e2tissiers savoureux.<\/li>\n\n\n\n<li><strong>Galettes croustillantes sans gluten<\/strong> : Une alternative d\u00e9licieuse pour les personnes intol\u00e9rantes ou souhaitant varier les plaisirs.<\/li>\n\n\n\n<li><strong>Boissons chaudes<\/strong> : Profitez d\u2019une s\u00e9lection de caf\u00e9s, th\u00e9s, chocolat chaud ou lait chaud, pr\u00e9par\u00e9s \u00e0 votre go\u00fbt.<\/li>\n\n\n\n<li><strong>Options sans lactose<\/strong> : Du lait d\u2019amande ou de soja est disponible pour convenir \u00e0 tous.<\/li>\n\n\n\n<li><strong>Jus de fruits frais<\/strong> : Commencez la journ\u00e9e avec une touche de vitalit\u00e9 gr\u00e2ce \u00e0 un jus de fruits naturel et rafra\u00eechissant.<\/li>\n\n\n\n<li><strong>Produits laitiers<\/strong> : Yaourts et fromages frais, parfaits pour accompagner fruits ou c\u00e9r\u00e9ales.<\/li>\n\n\n\n<li><strong>Fruits frais de saison<\/strong> : Une dose de vitamines et de fra\u00eecheur avec une s\u00e9lection de fruits soigneusement choisis.<\/li>\n\n\n\n<li><strong>Muesli et c\u00e9r\u00e9ales croustillantes<\/strong> : Id\u00e9al pour un apport d\u2019\u00e9nergie \u00e9quilibr\u00e9 et savoureux.<\/li>\n\n\n\n<li><strong>Miel local et confitures maison<\/strong> : D\u00e9couvrez des saveurs authentiques avec des confitures pr\u00e9par\u00e9es sur place \u00e0 partir de fruits r\u00e9gionaux, et un miel doux pour un petit-d\u00e9jeuner gourmand.<\/li>\n\n\n\n<li><strong>Beurre doux et sal\u00e9<\/strong> : Parfait pour sublimer vos pains et viennoiseries selon vos pr\u00e9f\u00e9rences.<\/li>\n\n\n\n<li><strong>\u0152ufs durs<\/strong> : Pr\u00e9par\u00e9s chaque matin pour un apport en prot\u00e9ines en toute simplicit\u00e9.<\/li>\n\n\n\n<li><strong>Fromages vari\u00e9s<\/strong> : Une s\u00e9lection renouvel\u00e9e (gruy\u00e8re, ch\u00e8vre, camembert, etc.) pour les amateurs de saveurs sal\u00e9es.<\/li>\n<\/ul>\n\n\n\n<p><strong>Un moment de partage et de plaisir<\/strong><br>Que vous soyez amateur de sucr\u00e9 ou de sal\u00e9, que vous suiviez des besoins alimentaires sp\u00e9cifiques ou non, notre petit-d\u00e9jeuner est con\u00e7u pour que chaque invit\u00e9 trouve son bonheur et commence sa journ\u00e9e dans une ambiance conviviale et chaleureuse.<\/p>\n\n\n\n<p>Bon app\u00e9tit\u202f! \ud83d\ude0a<\/p>\n","protected":false},"excerpt":{"rendered":"<p>Le plaisir d\u2019un petit-d\u00e9jeuner gourmand et vari\u00e9 \u00e0 l\u2019Aur Blan Commencez votre journ\u00e9e avec un petit-d\u00e9jeuner qui ravira tous les palais, soigneusement pr\u00e9par\u00e9 pour satisfaire vos envies et vos besoins sp\u00e9cifiques : Un moment de partage et de plaisirQue vous soyez amateur de sucr\u00e9 ou de sal\u00e9, que vous suiviez des besoins alimentaires sp\u00e9cifiques ou [&hellip;]<\/p>\n","protected":false},"author":1,"featured_media":0,"parent":0,"menu_order":0,"comment_status":"closed","ping_status":"closed","template":"","meta":{"footnotes":""},"class_list":["post-592","page","type-page","status-publish","hentry"],"_links":{"self":[{"href":"https:\/\/aurblan.com\/index.php\/wp-json\/wp\/v2\/pages\/592","targetHints":{"allow":["GET"]}}],"collection":[{"href":"https:\/\/aurblan.com\/index.php\/wp-json\/wp\/v2\/pages"}],"about":[{"href":"https:\/\/aurblan.com\/index.php\/wp-json\/wp\/v2\/types\/page"}],"author":[{"embeddable":true,"href":"https:\/\/aurblan.com\/index.php\/wp-json\/wp\/v2\/users\/1"}],"replies":[{"embeddable":true,"href":"https:\/\/aurblan.com\/index.php\/wp-json\/wp\/v2\/comments?post=592"}],"version-history":[{"count":2,"href":"https:\/\/aurblan.com\/index.php\/wp-json\/wp\/v2\/pages\/592\/revisions"}],"predecessor-version":[{"id":594,"href":"https:\/\/aurblan.com\/index.php\/wp-json\/wp\/v2\/pages\/592\/revisions\/594"}],"wp:attachment":[{"href":"https:\/\/aurblan.com\/index.php\/wp-json\/wp\/v2\/media?parent=592"}],"curies":[{"name":"wp","href":"https:\/\/api.w.org\/{rel}","templated":true}]}}